{"id":79,"date":"2024-10-22T21:05:07","date_gmt":"2024-10-23T02:05:07","guid":{"rendered":"https:\/\/sergiobeltran.iemtapolicarpasalavarrieta.cloud\/?page_id=79"},"modified":"2024-10-22T21:37:36","modified_gmt":"2024-10-23T02:37:36","slug":"quien-soy","status":"publish","type":"page","link":"https:\/\/sergiobeltran.iemtapolicarpasalavarrieta.cloud\/index.php\/quien-soy\/","title":{"rendered":"Quien soy"},"content":{"rendered":"\n<figure class=\"wp-block-image size-large\"><img loading=\"lazy\" decoding=\"async\" width=\"1024\" height=\"768\" src=\"https:\/\/sergiobeltran.iemtapolicarpasalavarrieta.cloud\/wp-content\/uploads\/2024\/10\/1000043547-1024x768.jpg\" alt=\"\" class=\"wp-image-81\" srcset=\"https:\/\/sergiobeltran.iemtapolicarpasalavarrieta.cloud\/wp-content\/uploads\/2024\/10\/1000043547-1024x768.jpg 1024w, https:\/\/sergiobeltran.iemtapolicarpasalavarrieta.cloud\/wp-content\/uploads\/2024\/10\/1000043547-300x225.jpg 300w, https:\/\/sergiobeltran.iemtapolicarpasalavarrieta.cloud\/wp-content\/uploads\/2024\/10\/1000043547-768x576.jpg 768w, https:\/\/sergiobeltran.iemtapolicarpasalavarrieta.cloud\/wp-content\/uploads\/2024\/10\/1000043547-1536x1152.jpg 1536w, https:\/\/sergiobeltran.iemtapolicarpasalavarrieta.cloud\/wp-content\/uploads\/2024\/10\/1000043547-2048x1536.jpg 2048w\" sizes=\"(max-width: 706px) 89vw, (max-width: 767px) 82vw, 740px\" \/><\/figure>\n\n\n\n<p>Hola soy Sergio Arturo Beltr\u00e1n Iba\u00f1ez tengo 16 a\u00f1os naci en Bogot\u00e1D.c en el a\u00f1o 2008\/09\/09 con ello viv\u00ed un poco en mesitas en colegio, despu\u00e9s de ello me fui a vivir a Soacha donde estuve m\u00e1s o menos 7 a 8 a\u00f1os all\u00e1 o m\u00e1s la verdad no s\u00e9 la cifra exacta pero hay me pasaron cosas que me firmaron como persona y quien soy en soacha viv\u00edamos en una casita azul de tejas y pagamos arriendo hay si que era una casa bonita pero en esa casa ocurriendo una serie de hechos que nos marcaron Ami y mi hermano tales fueron un d\u00eda que est\u00e1bamos de viaje en la casa de mi tia mi madre se qued\u00f3 por trabajo ten\u00edamos un gatico tomi y pues mi madre no se di\u00f3 cuenta cuando sali\u00f3 de la casa y lo dejo en el ba\u00f1o casi por 12 horas cuando lleg\u00f3 pues&#8230;. Al otro d\u00eda cuando mam\u00e1 nos llamo la verdad nos doli\u00f3 porque era la primera mascota que ten\u00edas en varios tiempo por ello yo ya me quer\u00eda volver a Soacha para almenos est\u00e1r all\u00e1 donde vivi\u00f3 el depues de ello paso un a\u00f1o donde me dieron otro gato Andr\u00e9s  <\/p>\n\n\n\n<figure class=\"wp-block-image size-large\"><img loading=\"lazy\" decoding=\"async\" width=\"768\" height=\"1024\" src=\"https:\/\/sergiobeltran.iemtapolicarpasalavarrieta.cloud\/wp-content\/uploads\/2024\/10\/7c52484d-d39f-4ba7-9e3b-e8878f7e9c43-1_all_848-768x1024.jpg\" alt=\"\" class=\"wp-image-83\" srcset=\"https:\/\/sergiobeltran.iemtapolicarpasalavarrieta.cloud\/wp-content\/uploads\/2024\/10\/7c52484d-d39f-4ba7-9e3b-e8878f7e9c43-1_all_848-768x1024.jpg 768w, https:\/\/sergiobeltran.iemtapolicarpasalavarrieta.cloud\/wp-content\/uploads\/2024\/10\/7c52484d-d39f-4ba7-9e3b-e8878f7e9c43-1_all_848-225x300.jpg 225w, https:\/\/sergiobeltran.iemtapolicarpasalavarrieta.cloud\/wp-content\/uploads\/2024\/10\/7c52484d-d39f-4ba7-9e3b-e8878f7e9c43-1_all_848-1152x1536.jpg 1152w, https:\/\/sergiobeltran.iemtapolicarpasalavarrieta.cloud\/wp-content\/uploads\/2024\/10\/7c52484d-d39f-4ba7-9e3b-e8878f7e9c43-1_all_848-1536x2048.jpg 1536w, https:\/\/sergiobeltran.iemtapolicarpasalavarrieta.cloud\/wp-content\/uploads\/2024\/10\/7c52484d-d39f-4ba7-9e3b-e8878f7e9c43-1_all_848-scaled.jpg 1920w\" sizes=\"(max-width: 706px) 89vw, (max-width: 767px) 82vw, 740px\" \/><\/figure>\n\n\n\n<p>Casi no tengo fotos de el chiquito porque no ten\u00eda celular pero fue el que me ha acompa\u00f1ado en varias cosas cuando ya no podia m\u00e1s entonces un d\u00eda que fue el trauma de toda mi familia mam\u00e1, hermano , gato y yo porque nos hab\u00edamos ido para la casa de mi abuela a quedarnos entonces cuando volvimos al dia siguiente se nos hizo raro ver que la cerradura esta sin llave entonces entramos y todo estaba desorganizado y nos hab\u00edan  robado casi todo lo que ten\u00edas hasta una xbox 360 que ten\u00edas se dieron garra y lo importante lo que si me emputo ese d\u00eda fue que se tomaron las onces que mi madre con su esfuerzo me compraba y quien sabe que le hicieron a andres por que estaba escondido y qui\u00e9n sabe si le pagar\u00edan a un pobre animal que el no ten\u00eda la culpa y ese mismos d\u00edas empacamos y al siguiente nos fuimos para un apartamento que solo duramos un mes y de hay nos fuimos al apartamento que mi padre compro para tenernos y con ello dure como 2 a\u00f1os cuando ya mi madre quer\u00eda cambiar de todo porque hay no se consegu\u00eda trabajo entonces llegamos a la villa ol\u00edmpica <\/p>\n\n\n\n<figure class=\"wp-block-image size-large is-resized\"><img loading=\"lazy\" decoding=\"async\" width=\"768\" height=\"1024\" src=\"https:\/\/sergiobeltran.iemtapolicarpasalavarrieta.cloud\/wp-content\/uploads\/2024\/10\/7c52484d-d39f-4ba7-9e3b-e8878f7e9c43-1_all_796-768x1024.jpg\" alt=\"\" class=\"wp-image-85\" style=\"width:346px;height:auto\" srcset=\"https:\/\/sergiobeltran.iemtapolicarpasalavarrieta.cloud\/wp-content\/uploads\/2024\/10\/7c52484d-d39f-4ba7-9e3b-e8878f7e9c43-1_all_796-768x1024.jpg 768w, https:\/\/sergiobeltran.iemtapolicarpasalavarrieta.cloud\/wp-content\/uploads\/2024\/10\/7c52484d-d39f-4ba7-9e3b-e8878f7e9c43-1_all_796-225x300.jpg 225w, https:\/\/sergiobeltran.iemtapolicarpasalavarrieta.cloud\/wp-content\/uploads\/2024\/10\/7c52484d-d39f-4ba7-9e3b-e8878f7e9c43-1_all_796-1152x1536.jpg 1152w, https:\/\/sergiobeltran.iemtapolicarpasalavarrieta.cloud\/wp-content\/uploads\/2024\/10\/7c52484d-d39f-4ba7-9e3b-e8878f7e9c43-1_all_796-1536x2048.jpg 1536w, https:\/\/sergiobeltran.iemtapolicarpasalavarrieta.cloud\/wp-content\/uploads\/2024\/10\/7c52484d-d39f-4ba7-9e3b-e8878f7e9c43-1_all_796-scaled.jpg 1920w\" sizes=\"(max-width: 706px) 89vw, (max-width: 767px) 82vw, 740px\" \/><\/figure>\n\n\n\n<p>Si lo s\u00e9 estaba gordo porque era pandemia quien no se engordo en esa \u00e9poca entonces hay estaba en un colegio de Soacha terminando el sexto si no mal recuerdo o antes y de hay cuando termine el a\u00f1o mi madre quer\u00eda meterme al policarpa Salavarrieta<\/p>\n\n\n\n<figure class=\"wp-block-image size-large\"><img loading=\"lazy\" decoding=\"async\" width=\"1024\" height=\"768\" src=\"https:\/\/sergiobeltran.iemtapolicarpasalavarrieta.cloud\/wp-content\/uploads\/2024\/10\/1000024079-1-1024x768.jpg\" alt=\"\" class=\"wp-image-89\" srcset=\"https:\/\/sergiobeltran.iemtapolicarpasalavarrieta.cloud\/wp-content\/uploads\/2024\/10\/1000024079-1-1024x768.jpg 1024w, https:\/\/sergiobeltran.iemtapolicarpasalavarrieta.cloud\/wp-content\/uploads\/2024\/10\/1000024079-1-300x225.jpg 300w, https:\/\/sergiobeltran.iemtapolicarpasalavarrieta.cloud\/wp-content\/uploads\/2024\/10\/1000024079-1-768x576.jpg 768w, https:\/\/sergiobeltran.iemtapolicarpasalavarrieta.cloud\/wp-content\/uploads\/2024\/10\/1000024079-1-1536x1152.jpg 1536w, https:\/\/sergiobeltran.iemtapolicarpasalavarrieta.cloud\/wp-content\/uploads\/2024\/10\/1000024079-1-2048x1536.jpg 2048w\" sizes=\"(max-width: 706px) 89vw, (max-width: 767px) 82vw, 740px\" \/><\/figure>\n\n\n\n<p>Hay en el I.E.M.T.A policarpa Salavarrieta te estado ya tres a\u00f1os y con el que llevo que es el d\u00e9cimo d\u00f3nde he pasado experiencia nuevas porque nunca hab\u00eda estado en el cambio entonces era algo nuevo porque dejaban trabajos que ten\u00eda que investigar demaciado porque no sab\u00eda que era limoso o arenoso y porosidad y una de las tareas del docente \u00c1lvaro fue ir a una parte donde hubiera tierra y echarle agua y cogerla y apretarla para ver qu\u00e9 pasaba la fui a hace con mi madre ya han pasado a\u00f1os y ya casi la mayor\u00eda de docentes me conoce porque desde que he estado han cambiado mucho a los profes casi siempre me intento llevar bien con ellos porque para que caerle mal a un profesor ya han pasado a\u00f1os y estamos ahora ac\u00e1 en 2024 casi a terminar el a\u00f1o y ser PROM 2025 y estoy con mi grupo del curso 1002 que han acompa\u00f1ado desde que empezamos hay gente nueva y la antigua pero ya pasaron un mes y ya todos \u00e9ramos amigos <\/p>\n\n\n\n<figure class=\"wp-block-image size-large\"><img loading=\"lazy\" decoding=\"async\" width=\"1024\" height=\"768\" src=\"https:\/\/sergiobeltran.iemtapolicarpasalavarrieta.cloud\/wp-content\/uploads\/2024\/10\/1000028800-1024x768.jpg\" alt=\"\" class=\"wp-image-90\" srcset=\"https:\/\/sergiobeltran.iemtapolicarpasalavarrieta.cloud\/wp-content\/uploads\/2024\/10\/1000028800-1024x768.jpg 1024w, https:\/\/sergiobeltran.iemtapolicarpasalavarrieta.cloud\/wp-content\/uploads\/2024\/10\/1000028800-300x225.jpg 300w, https:\/\/sergiobeltran.iemtapolicarpasalavarrieta.cloud\/wp-content\/uploads\/2024\/10\/1000028800-768x576.jpg 768w, https:\/\/sergiobeltran.iemtapolicarpasalavarrieta.cloud\/wp-content\/uploads\/2024\/10\/1000028800.jpg 1280w\" sizes=\"(max-width: 706px) 89vw, (max-width: 767px) 82vw, 740px\" \/><\/figure>\n\n\n\n<p>Ya se han retirado compa\u00f1eras antes \u00e9ramos 30 ahora somos 27 y es porque los que se quedaron y van perdiendo no han perdido la esperanza de perder eso es lo que hace fuerte a nuestro curso que somos fuertes y no dejamos que nos opaquen pero sigue siendo el mejor curso con ello hablar\u00eda m\u00e1s sobre el estudio <\/p>\n\n\n\n<p>El deporte mi Voleybol que desde el a\u00f1o pasado he tenido un inter\u00e9s en el por bobo no me met\u00ed antes porque ten\u00eda pena de como me tratar\u00e1n por qu\u00e9 era nuevo pero con Carlos Villamil fue el que me impulso a entrar en el voleibol porque eso fue en el a\u00f1o 2022 que quer\u00eda jugar porque era chevre divertido pero como en ese tiempo no hab\u00eda nadie que lo jugar\u00e1 era re malito entonces yo no quer\u00eda jugarlo m\u00e1s porque no sent\u00eda que hubiera esa motivaci\u00f3n hasta que lleg\u00f3 el Calit lo apode as\u00ed porque ni idea pero as\u00ed qued\u00f3 y con ello me ha seguido ense\u00f1ando cosas y le agradezco porque fue el primero en ense\u00f1arme lo b\u00e1sico para poder aprender ya que eso me hizo entrar en la categor\u00eda mayor en el club por el conocimiento que tenia y por el tiempo pero de ello he mejorado bastante por el club y quiero seguir mejorando para que me escojan en la. Cundinamarca para ser opuesto lo que soy ahora y pues me veo potencial porque antes era re malito para jugar al menos ya salt\u00f3 bastante soy el 14 aunque me falta por mejorar este video me dijo que he estado progresando desde que empeze a jugar porque antes me sacaban por jugar mal pero ahora almenos el profe me va felicitando por mi progreso con esto me dice que estoy haciendo algo bien almenos con el a\u00f1o que he estado he progresado con mi esfuerzo y trabajo constantemente <\/p>\n\n\n\n<figure class=\"wp-block-video\"><video controls src=\"https:\/\/sergiobeltran.iemtapolicarpasalavarrieta.cloud\/wp-content\/uploads\/2024\/10\/1000053396.mp4\"><\/video><\/figure>\n\n\n\n<p><\/p>\n","protected":false},"excerpt":{"rendered":"<p>Hola soy Sergio Arturo Beltr\u00e1n Iba\u00f1ez tengo 16 a\u00f1os naci en Bogot\u00e1D.c en el a\u00f1o 2008\/09\/09 con ello viv\u00ed un poco en mesitas en colegio, despu\u00e9s de ello me fui a vivir a Soacha donde estuve m\u00e1s o menos 7 a 8 a\u00f1os all\u00e1 o m\u00e1s la verdad no s\u00e9 la cifra exacta pero hay &hellip; <\/p>\n<p class=\"link-more\"><a href=\"https:\/\/sergiobeltran.iemtapolicarpasalavarrieta.cloud\/index.php\/quien-soy\/\" class=\"more-link\">Continuar leyendo<span class=\"screen-reader-text\"> \u00abQuien soy\u00bb<\/span><\/a><\/p>\n","protected":false},"author":1,"featured_media":0,"parent":0,"menu_order":0,"comment_status":"closed","ping_status":"closed","template":"","meta":{"footnotes":""},"_links":{"self":[{"href":"https:\/\/sergiobeltran.iemtapolicarpasalavarrieta.cloud\/index.php\/wp-json\/wp\/v2\/pages\/79"}],"collection":[{"href":"https:\/\/sergiobeltran.iemtapolicarpasalavarrieta.cloud\/index.php\/wp-json\/wp\/v2\/pages"}],"about":[{"href":"https:\/\/sergiobeltran.iemtapolicarpasalavarrieta.cloud\/index.php\/wp-json\/wp\/v2\/types\/page"}],"author":[{"embeddable":true,"href":"https:\/\/sergiobeltran.iemtapolicarpasalavarrieta.cloud\/index.php\/wp-json\/wp\/v2\/users\/1"}],"replies":[{"embeddable":true,"href":"https:\/\/sergiobeltran.iemtapolicarpasalavarrieta.cloud\/index.php\/wp-json\/wp\/v2\/comments?post=79"}],"version-history":[{"count":6,"href":"https:\/\/sergiobeltran.iemtapolicarpasalavarrieta.cloud\/index.php\/wp-json\/wp\/v2\/pages\/79\/revisions"}],"predecessor-version":[{"id":94,"href":"https:\/\/sergiobeltran.iemtapolicarpasalavarrieta.cloud\/index.php\/wp-json\/wp\/v2\/pages\/79\/revisions\/94"}],"wp:attachment":[{"href":"https:\/\/sergiobeltran.iemtapolicarpasalavarrieta.cloud\/index.php\/wp-json\/wp\/v2\/media?parent=79"}],"curies":[{"name":"wp","href":"https:\/\/api.w.org\/{rel}","templated":true}]}}